{"id":1038,"date":"2024-12-10T14:18:28","date_gmt":"2024-12-10T14:18:28","guid":{"rendered":"https:\/\/nostroliva.com\/?post_type=product&#038;p=1038"},"modified":"2026-03-31T21:02:01","modified_gmt":"2026-03-31T21:02:01","slug":"nostroliva-classica-yeni-mahsul-zeytinyagi-500ml-firsat-paketi","status":"publish","type":"product","link":"https:\/\/nostroliva.com\/en\/product\/nostroliva-classica-yeni-mahsul-zeytinyagi-500ml-firsat-paketi\/","title":{"rendered":"Nostroliva Classica Yeni Mahsul Zeytinya\u011f\u0131 500ml 2\u2019li F\u0131rsat Paketi S.K.T:11.2027"},"content":{"rendered":"<p>Nostroliva\u2019n\u0131n tam zaman\u0131nda hasat\u0131 yap\u0131lan zeytinlerinden \u00fcretilen, teknolojinin \u201cmiktar\u201d de\u011fil \u201ckalite\u201d oda\u011f\u0131yla en \u00fcst noktada kullan\u0131larak elde edilen so\u011fuk s\u0131k\u0131m zeytinya\u011f\u0131d\u0131r.<\/p>\n<p>Son Kullanma Tarihi: Kas\u0131m 2027<\/p>\n","protected":false},"excerpt":{"rendered":"<p>Nostroliva\u2019n\u0131n tam zaman\u0131nda hasat\u0131 yap\u0131lan zeytinlerinden \u00fcretilen, teknolojinin \u201cmiktar\u201d de\u011fil \u201ckalite\u201d oda\u011f\u0131yla en \u00fcst noktada kullan\u0131larak elde edilen so\u011fuk s\u0131k\u0131m zeytinya\u011f\u0131d\u0131r.<\/p>\n<p><strong>Ne erken hasat, ne olgun\u2026 Tam zaman\u0131nda hasat!<\/strong><\/p>\n<p><strong>Ger\u00e7ek so\u011fuk s\u0131k\u0131m<\/strong><br \/>\nS\u0131k\u0131l\u0131rken s\u00fcrekli s\u0131cakl\u0131k kontrol\u00fc yap\u0131larak, s\u0131k\u0131m esnas\u0131nda ezilmeden dolay\u0131 olu\u015fan \u0131s\u0131y\u0131 dahi g\u00f6z \u00f6n\u00fcnde tutarak, her anlamda bilimin s\u00f6yledi\u011fi ve do\u011fan\u0131n izin verdi\u011fi optimum \u015fartlarda ger\u00e7ekle\u015ftiriyoruz.<\/p>\n<p>Son Kullanma Tarihi: Kas\u0131m 2027<\/p>\n","protected":false},"featured_media":1039,"template":"","meta":{"_et_pb_use_builder":"","_et_pb_old_content":"","_et_gb_content_width":""},"product_brand":[],"product_cat":[30,47],"product_tag":[],"class_list":{"0":"post-1038","1":"product","2":"type-product","3":"status-publish","4":"has-post-thumbnail","6":"product_cat-classica","7":"product_cat-firsat-paketi","9":"first","10":"instock","11":"featured","12":"shipping-taxable","13":"product-type-external"},"jetpack_sharing_enabled":true,"_links":{"self":[{"href":"https:\/\/nostroliva.com\/en\/wp-json\/wp\/v2\/product\/1038","targetHints":{"allow":["GET"]}}],"collection":[{"href":"https:\/\/nostroliva.com\/en\/wp-json\/wp\/v2\/product"}],"about":[{"href":"https:\/\/nostroliva.com\/en\/wp-json\/wp\/v2\/types\/product"}],"wp:featuredmedia":[{"embeddable":true,"href":"https:\/\/nostroliva.com\/en\/wp-json\/wp\/v2\/media\/1039"}],"wp:attachment":[{"href":"https:\/\/nostroliva.com\/en\/wp-json\/wp\/v2\/media?parent=1038"}],"wp:term":[{"taxonomy":"product_brand","embeddable":true,"href":"https:\/\/nostroliva.com\/en\/wp-json\/wp\/v2\/product_brand?post=1038"},{"taxonomy":"product_cat","embeddable":true,"href":"https:\/\/nostroliva.com\/en\/wp-json\/wp\/v2\/product_cat?post=1038"},{"taxonomy":"product_tag","embeddable":true,"href":"https:\/\/nostroliva.com\/en\/wp-json\/wp\/v2\/product_tag?post=1038"}],"curies":[{"name":"wp","href":"https:\/\/api.w.org\/{rel}","templated":true}]}}