{"id":1031,"date":"2024-12-12T12:15:14","date_gmt":"2024-12-12T12:15:14","guid":{"rendered":"https:\/\/nostroliva.com\/?post_type=product&#038;p=1031"},"modified":"2026-03-31T21:01:02","modified_gmt":"2026-03-31T21:01:02","slug":"nostroliva-premium-domat-ve-classica-yeni-mahsul-zeytinyagi-500ml-beraber-firsat-paketi-s-k-t31-12-2026","status":"publish","type":"product","link":"https:\/\/nostroliva.com\/en\/product\/nostroliva-premium-domat-ve-classica-yeni-mahsul-zeytinyagi-500ml-beraber-firsat-paketi-s-k-t31-12-2026\/","title":{"rendered":"Alt\u0131n \u00d6d\u00fcll\u00fc Nostroliva Premium Domat ve Classica Yeni Mahsul Zeytinya\u011f\u0131 500ml Beraber F\u0131rsat Paketi S.K.T:11.2027"},"content":{"rendered":"<p><strong>Yo\u011fun aromal\u0131 Premium Domat ile yumu\u015fac\u0131k lezzetiyle Classica bir arada!<\/strong><br \/>\nNostroliva\u2019n\u0131n tam zaman\u0131nda hasat\u0131 yap\u0131lan zeytinlerinden \u00fcretilen, teknolojinin \u201cmiktar\u201d de\u011fil \u201ckalite\u201d oda\u011f\u0131yla en \u00fcst noktada kullan\u0131larak elde edilen so\u011fuk s\u0131k\u0131m zeytinya\u011f\u0131d\u0131r.<\/p>\n<p>Son Kullanma Tarihi:Kas\u0131m 2027<\/p>\n","protected":false},"excerpt":{"rendered":"<p><strong>Yo\u011fun aromal\u0131 Premium Domat ile yumu\u015fac\u0131k lezzetiyle Classica bir arada!<\/strong><br \/>\nNostroliva\u2019n\u0131n tam zaman\u0131nda hasat\u0131 yap\u0131lan zeytinlerinden \u00fcretilen, teknolojinin \u201cmiktar\u201d de\u011fil \u201ckalite\u201d oda\u011f\u0131yla en \u00fcst noktada kullan\u0131larak elde edilen so\u011fuk s\u0131k\u0131m zeytinya\u011f\u0131d\u0131r.<\/p>\n<p><strong>Ne erken hasat, ne olgun\u2026 Tam zaman\u0131nda hasat!<br \/>\n<\/strong><br \/>\n<strong>Ger\u00e7ek so\u011fuk s\u0131k\u0131m!<\/strong><br \/>\nS\u0131k\u0131l\u0131rken s\u00fcrekli s\u0131cakl\u0131k kontrol\u00fc yap\u0131larak, s\u0131k\u0131m esnas\u0131nda ezilmeden dolay\u0131 olu\u015fan \u0131s\u0131y\u0131 dahi g\u00f6z \u00f6n\u00fcnde tutarak, her anlamda bilimin s\u00f6yledi\u011fi ve do\u011fan\u0131n izin verdi\u011fi optimum \u015fartlarda ger\u00e7ekle\u015ftiriyoruz.<\/p>\n<p>Son Kullanma Tarihi: Kas\u0131m 2027<\/p>\n","protected":false},"featured_media":1166,"template":"","meta":{"_et_pb_use_builder":"","_et_pb_old_content":"","_et_gb_content_width":""},"product_brand":[],"product_cat":[30,47,26],"product_tag":[],"class_list":{"0":"post-1031","1":"product","2":"type-product","3":"status-publish","4":"has-post-thumbnail","6":"product_cat-classica","7":"product_cat-firsat-paketi","8":"product_cat-premium-domat","10":"first","11":"instock","12":"featured","13":"shipping-taxable","14":"product-type-external"},"jetpack_sharing_enabled":true,"_links":{"self":[{"href":"https:\/\/nostroliva.com\/en\/wp-json\/wp\/v2\/product\/1031","targetHints":{"allow":["GET"]}}],"collection":[{"href":"https:\/\/nostroliva.com\/en\/wp-json\/wp\/v2\/product"}],"about":[{"href":"https:\/\/nostroliva.com\/en\/wp-json\/wp\/v2\/types\/product"}],"wp:featuredmedia":[{"embeddable":true,"href":"https:\/\/nostroliva.com\/en\/wp-json\/wp\/v2\/media\/1166"}],"wp:attachment":[{"href":"https:\/\/nostroliva.com\/en\/wp-json\/wp\/v2\/media?parent=1031"}],"wp:term":[{"taxonomy":"product_brand","embeddable":true,"href":"https:\/\/nostroliva.com\/en\/wp-json\/wp\/v2\/product_brand?post=1031"},{"taxonomy":"product_cat","embeddable":true,"href":"https:\/\/nostroliva.com\/en\/wp-json\/wp\/v2\/product_cat?post=1031"},{"taxonomy":"product_tag","embeddable":true,"href":"https:\/\/nostroliva.com\/en\/wp-json\/wp\/v2\/product_tag?post=1031"}],"curies":[{"name":"wp","href":"https:\/\/api.w.org\/{rel}","templated":true}]}}