{"id":1028,"date":"2024-12-10T13:31:28","date_gmt":"2024-12-10T13:31:28","guid":{"rendered":"https:\/\/nostroliva.com\/?post_type=product&#038;p=1028"},"modified":"2026-03-31T21:03:22","modified_gmt":"2026-03-31T21:03:22","slug":"nostroliva-premium-domat-yeni-mahsul-zeytinyagi-500ml","status":"publish","type":"product","link":"https:\/\/nostroliva.com\/en\/product\/nostroliva-premium-domat-yeni-mahsul-zeytinyagi-500ml\/","title":{"rendered":"Alt\u0131n \u00d6d\u00fcll\u00fc Nostroliva Premium Domat Yeni Mahsul Zeytinya\u011f\u0131 500 ml. S.K.T:11.2027"},"content":{"rendered":"<p>Nostroliva\u2019n\u0131n tam zaman\u0131nda hasat\u0131 yap\u0131lan zeytinlerinden \u00fcretilen, teknolojinin \u201cmiktar\u201d de\u011fil \u201ckalite\u201d oda\u011f\u0131yla en \u00fcst noktada kullan\u0131larak elde edilen zeytinya\u011f\u0131d\u0131r.<\/p>\n<p><strong>Ne erken hasat, ne olgun\u2026 Tam zaman\u0131nda hasat!<\/strong><br \/>\nButik zeytinya\u011f\u0131 \u00fcretiminin avantaj\u0131, bize zeytin bah\u00e7elerimizi bizzat ve her g\u00fcn takip edebilmemize izin vermesi\u2026 Olgunlu\u011funun en \u00fcst seviyesine gelmi\u015f ama halen dal\u0131nda olan zeytini toplay\u0131p, tam zaman\u0131nda s\u0131k\u0131yoruz.<\/p>\n<p><strong>Ger\u00e7ek so\u011fuk s\u0131k\u0131m<\/strong><br \/>\nS\u0131k\u0131l\u0131rken s\u00fcrekli s\u0131cakl\u0131k kontrol\u00fc yap\u0131larak, s\u0131k\u0131m esnas\u0131nda ezilmeden dolay\u0131 olu\u015fan \u0131s\u0131y\u0131 dahi g\u00f6z \u00f6n\u00fcnde tutarak, her anlamda bilimin s\u00f6yledi\u011fi ve do\u011fan\u0131n izin verdi\u011fi optimum \u015fartlarda ger\u00e7ekle\u015ftiriyoruz.<\/p>\n<p>Tam zaman\u0131nda hasat Premium Domat&#8217;\u0131m\u0131z\u0131 salata ve soslar\u0131n\u0131zda kullanabilir, \u00e7i\u011f olarak t\u00fcketebilirsiniz.<\/p>\n<p>Son Kullanma Tarihi: Kas\u0131m 2027<\/p>\n","protected":false},"excerpt":{"rendered":"<p>Nostroliva\u2019n\u0131n Akhisar\u2019\u0131n alametifarikas\u0131 domat t\u00fcr\u00fc zeytinlerinden, yemelik s\u0131k\u0131ml\u0131k diye ayr\u0131lmadan s\u0131k\u0131ma yollanm\u0131\u015f tam zaman\u0131nda hasat\u0131 yap\u0131lan zeytinlerinden \u00fcretilen, teknolojinin \u201cmiktar\u201d de\u011fil \u201ckalite\u201d oda\u011f\u0131yla en \u00fcst noktada kullan\u0131larak elde edilen olduk\u00e7a aromatik, \u00e7i\u011f t\u00fcketilmesi tavsiye edilen zeytinya\u011f\u0131d\u0131r. OLIVE ISTANBUL IOC &amp;\u00a0<em>IOOC<\/em> Kalite Yar\u0131\u015fmas\u0131nda Alt\u0131n \u00d6d\u00fcl&#8217;e lay\u0131k g\u00f6r\u00fclm\u00fc\u015ft\u00fcr.<br \/>\n2025 Kas\u0131m tam zaman\u0131nda hasat <strong>&#8216;Premium Domat Zeytinya\u011f\u0131&#8217;<\/strong>m\u0131z\u0131 salata ve soslar\u0131n\u0131zda kullanabilirsiniz.<br \/>\nSon Kullanma Tarihi: Kas\u0131m 2027<\/p>\n","protected":false},"featured_media":1160,"template":"","meta":{"_et_pb_use_builder":"","_et_pb_old_content":"","_et_gb_content_width":""},"product_brand":[],"product_cat":[26,46],"product_tag":[75,74,50,73],"class_list":{"0":"post-1028","1":"product","2":"type-product","3":"status-publish","4":"has-post-thumbnail","6":"product_cat-premium-domat","7":"product_cat-tekil-urun","8":"product_tag-domat-zeytinyagi","9":"product_tag-naturel-sizma","10":"product_tag-soguk-sikim","11":"product_tag-zeytinyagi","13":"first","14":"instock","15":"featured","16":"shipping-taxable","17":"product-type-external"},"jetpack_sharing_enabled":true,"_links":{"self":[{"href":"https:\/\/nostroliva.com\/en\/wp-json\/wp\/v2\/product\/1028","targetHints":{"allow":["GET"]}}],"collection":[{"href":"https:\/\/nostroliva.com\/en\/wp-json\/wp\/v2\/product"}],"about":[{"href":"https:\/\/nostroliva.com\/en\/wp-json\/wp\/v2\/types\/product"}],"wp:featuredmedia":[{"embeddable":true,"href":"https:\/\/nostroliva.com\/en\/wp-json\/wp\/v2\/media\/1160"}],"wp:attachment":[{"href":"https:\/\/nostroliva.com\/en\/wp-json\/wp\/v2\/media?parent=1028"}],"wp:term":[{"taxonomy":"product_brand","embeddable":true,"href":"https:\/\/nostroliva.com\/en\/wp-json\/wp\/v2\/product_brand?post=1028"},{"taxonomy":"product_cat","embeddable":true,"href":"https:\/\/nostroliva.com\/en\/wp-json\/wp\/v2\/product_cat?post=1028"},{"taxonomy":"product_tag","embeddable":true,"href":"https:\/\/nostroliva.com\/en\/wp-json\/wp\/v2\/product_tag?post=1028"}],"curies":[{"name":"wp","href":"https:\/\/api.w.org\/{rel}","templated":true}]}}