{"id":408,"date":"2022-11-28T14:34:05","date_gmt":"2022-11-28T14:34:05","guid":{"rendered":"https:\/\/nostroliva.com\/shop\/"},"modified":"2026-03-31T21:09:16","modified_gmt":"2026-03-31T21:09:16","slug":"shop","status":"publish","type":"page","link":"https:\/\/nostroliva.com\/en\/shop\/","title":{"rendered":"D\u00fckkan"},"content":{"rendered":"<p>[et_pb_section fb_built=&#8221;1&#8243; admin_label=&#8221;Hero Section&#8221; _builder_version=&#8221;4.19.1&#8243; use_background_color_gradient=&#8221;on&#8221; background_color_gradient_stops=&#8221;rgba(0,0,0,0.5) 0%|rgba(0,0,0,0) 100%&#8221; background_color_gradient_start=&#8221;rgba(0,0,0,0.5)&#8221; background_color_gradient_end=&#8221;rgba(0,0,0,0)&#8221; background_image=&#8221;https:\/\/nostroliva.com\/wp-content\/uploads\/2022\/11\/combination-of-vegetables-and-onions-tossed-in-oli-2021-12-09-02-48-54-utc.jpg&#8221; parallax=&#8221;on&#8221; custom_margin=&#8221;|||&#8221; custom_padding=&#8221;5%||7%||false|false&#8221; global_colors_info=&#8221;{}&#8221;][et_pb_row _builder_version=&#8221;4.16&#8243; background_size=&#8221;initial&#8221; background_position=&#8221;top_left&#8221; background_repeat=&#8221;repeat&#8221; global_colors_info=&#8221;{}&#8221;][et_pb_column type=&#8221;4_4&#8243; _builder_version=&#8221;4.16&#8243; custom_padding=&#8221;|||&#8221; global_colors_info=&#8221;{}&#8221; custom_padding__hover=&#8221;|||&#8221;][et_pb_text admin_label=&#8221;Title&#8221; _builder_version=&#8221;4.27.6&#8243; text_font=&#8221;||||||||&#8221; text_font_size=&#8221;22px&#8221; text_line_height=&#8221;1.4em&#8221; header_font=&#8221;Baskervville|700|||||||&#8221; header_text_align=&#8221;center&#8221; header_text_color=&#8221;#FFFFFF&#8221; header_font_size=&#8221;72px&#8221; header_line_height=&#8221;1.4em&#8221; text_orientation=&#8221;center&#8221; background_layout=&#8221;dark&#8221; max_width=&#8221;800px&#8221; module_alignment=&#8221;center&#8221; animation_style=&#8221;slide&#8221; animation_direction=&#8221;top&#8221; animation_intensity_slide=&#8221;3%&#8221; animation_starting_opacity=&#8221;100%&#8221; header_font_size_tablet=&#8221;40px&#8221; header_font_size_phone=&#8221;&#8221; header_font_size_last_edited=&#8221;on|tablet&#8221; header_text_shadow_style=&#8221;preset1&#8243; global_colors_info=&#8221;{}&#8221;]<\/p>\n<h1>Nostroliva Showroom<\/h1>\n<p>[\/et_pb_text][\/et_pb_column][\/et_pb_row][\/et_pb_section][et_pb_section fb_built=&#8221;1&#8243; admin_label=&#8221;New Arrivals Section&#8221; _builder_version=&#8221;4.19.1&#8243; custom_padding=&#8221;|0px||0px|false|false&#8221; locked=&#8221;off&#8221; global_colors_info=&#8221;{}&#8221;][et_pb_row _builder_version=&#8221;4.19.1&#8243; _module_preset=&#8221;default&#8221; global_colors_info=&#8221;{}&#8221;][et_pb_column type=&#8221;4_4&#8243; _builder_version=&#8221;4.19.1&#8243; _module_preset=&#8221;default&#8221; global_colors_info=&#8221;{}&#8221;][et_pb_text _builder_version=&#8221;4.27.6&#8243; _module_preset=&#8221;default&#8221; header_text_color=&#8221;#E02B20&#8243; custom_padding=&#8221;2px|||||&#8221; hover_enabled=&#8221;0&#8243; global_colors_info=&#8221;{}&#8221; sticky_enabled=&#8221;0&#8243;]<\/p>\n<h1 style=\"text-align: center;\"><span style=\"color: #6c9e11;\">Kredi kart\u0131yla g\u00fcvenli al\u0131\u015fveri\u015f art\u0131k sadece Shopier&#8217;de.<\/span><\/h1>\n<p style=\"text-align: center;\"><em>Yak\u0131n zamana kadar \u00f6demeniz g\u00fcvenli Shopier altyap\u0131s\u0131 ile sitemiz \u00fczerinden tahsil edilebiliyordu. 20 Nisan 2026 itibar\u0131yla yap\u0131lan de\u011fi\u015fiklik sonucunda art\u0131k sadece Shopier&#8217;deki ma\u011fazam\u0131zdan hizmet verebiliyoruz. Nostroliva \u00fcr\u00fcnlerinin t\u00fcm\u00fcn\u00fc <a href=\"https:\/\/shopier.com\/nostroliva\">https:\/\/shopier.com\/nostroliva<\/a> adresinden g\u00fcvenle sat\u0131n alabilirsiniz. A\u015fa\u011f\u0131daki tekil \u00fcr\u00fcnlerin alt\u0131nda yer alan butonlar da sizleri Shopier Nostroliva ma\u011fazas\u0131nda ilgili \u00fcr\u00fcnlere y\u00f6nlendirecek. Bu sayede en rahat al\u0131\u015fveri\u015f deneyimini en iyi fiyat garantisiyle sunmaya devam ediyoruz. Deste\u011finiz i\u00e7in te\u015fekk\u00fcr ederiz.\u00a0<\/em><\/p>\n<p>[\/et_pb_text][et_pb_text _builder_version=&#8221;4.19.4&#8243; _module_preset=&#8221;default&#8221; header_text_color=&#8221;#0C71C3&#8243; header_font_size=&#8221;24px&#8221; custom_padding=&#8221;2px|||||&#8221; global_colors_info=&#8221;{}&#8221;]<\/p>\n<h1 style=\"text-align: center;\">\u00dcr\u00fcnlerimize ait ba\u011f\u0131ms\u0131z analiz raporlar\u0131n\u0131 sayfan\u0131n en alt\u0131nda bulabilirsiniz.<\/h1>\n<p>[\/et_pb_text][\/et_pb_column][\/et_pb_row][et_pb_row _builder_version=&#8221;4.16&#8243; custom_margin=&#8221;20px|||&#8221; custom_padding=&#8221;|||&#8221; global_colors_info=&#8221;{}&#8221;][et_pb_column type=&#8221;4_4&#8243; _builder_version=&#8221;4.16&#8243; custom_padding=&#8221;|||&#8221; global_colors_info=&#8221;{}&#8221; custom_padding__hover=&#8221;|||&#8221;][et_pb_shop type=&#8221;product_category&#8221; posts_number=&#8221;18&#8243; include_categories=&#8221;46,47&#8243; columns_number=&#8221;3&#8243; icon_hover_color=&#8221;#000000&#8243; hover_overlay_color=&#8221;rgba(224,212,190,0.34)&#8221; show_rating=&#8221;off&#8221; _builder_version=&#8221;4.19.4&#8243; title_font=&#8221;Baskervville||||||||&#8221; title_font_size=&#8221;20px&#8221; title_line_height=&#8221;1.2em&#8221; price_font=&#8221;|700|||||||&#8221; price_text_color=&#8221;#93b786&#8243; price_font_size=&#8221;19px&#8221; text_orientation=&#8221;center&#8221; animation_style=&#8221;fade&#8221; box_shadow_style_image=&#8221;preset3&#8243; box_shadow_vertical_image=&#8221;60px&#8221; box_shadow_blur_image=&#8221;120px&#8221; box_shadow_spread_image=&#8221;-35px&#8221; box_shadow_color_image=&#8221;rgba(63,63,31,0.3)&#8221; locked=&#8221;off&#8221; global_colors_info=&#8221;{}&#8221;][\/et_pb_shop][\/et_pb_column][\/et_pb_row][\/et_pb_section]<\/p>\n","protected":false},"excerpt":{"rendered":"<p>Nostroliva ShowroomKredi kart\u0131yla g\u00fcvenli al\u0131\u015fveri\u015f art\u0131k sadece Shopier&#8217;de. Yak\u0131n zamana kadar \u00f6demeniz g\u00fcvenli Shopier altyap\u0131s\u0131 ile sitemiz \u00fczerinden tahsil edilebiliyordu. 20 Nisan 2026 itibar\u0131yla yap\u0131lan de\u011fi\u015fiklik sonucunda art\u0131k sadece Shopier&#8217;deki ma\u011fazam\u0131zdan hizmet verebiliyoruz. Nostroliva \u00fcr\u00fcnlerinin t\u00fcm\u00fcn\u00fc https:\/\/shopier.com\/nostroliva adresinden g\u00fcvenle sat\u0131n alabilirsiniz. A\u015fa\u011f\u0131daki tekil \u00fcr\u00fcnlerin alt\u0131nda yer alan butonlar da sizleri Shopier Nostroliva ma\u011fazas\u0131nda ilgili \u00fcr\u00fcnlere [&hellip;]<\/p>\n","protected":false},"author":1,"featured_media":0,"parent":0,"menu_order":0,"comment_status":"closed","ping_status":"closed","template":"","meta":{"_et_pb_use_builder":"on","_et_pb_old_content":"","_et_gb_content_width":"1080","footnotes":""},"class_list":["post-408","page","type-page","status-publish","hentry"],"jetpack_sharing_enabled":true,"_links":{"self":[{"href":"https:\/\/nostroliva.com\/en\/wp-json\/wp\/v2\/pages\/408","targetHints":{"allow":["GET"]}}],"collection":[{"href":"https:\/\/nostroliva.com\/en\/wp-json\/wp\/v2\/pages"}],"about":[{"href":"https:\/\/nostroliva.com\/en\/wp-json\/wp\/v2\/types\/page"}],"author":[{"embeddable":true,"href":"https:\/\/nostroliva.com\/en\/wp-json\/wp\/v2\/users\/1"}],"replies":[{"embeddable":true,"href":"https:\/\/nostroliva.com\/en\/wp-json\/wp\/v2\/comments?post=408"}],"version-history":[{"count":10,"href":"https:\/\/nostroliva.com\/en\/wp-json\/wp\/v2\/pages\/408\/revisions"}],"predecessor-version":[{"id":1232,"href":"https:\/\/nostroliva.com\/en\/wp-json\/wp\/v2\/pages\/408\/revisions\/1232"}],"wp:attachment":[{"href":"https:\/\/nostroliva.com\/en\/wp-json\/wp\/v2\/media?parent=408"}],"curies":[{"name":"wp","href":"https:\/\/api.w.org\/{rel}","templated":true}]}}